{"id":157,"date":"2023-03-21T00:58:21","date_gmt":"2023-03-20T23:58:21","guid":{"rendered":"https:\/\/jlc-assurances.com\/?page_id=157"},"modified":"2023-11-16T00:02:25","modified_gmt":"2023-11-15T23:02:25","slug":"verifier-mon-eligibilite","status":"publish","type":"page","link":"https:\/\/jlc-assurances.com\/?page_id=157","title":{"rendered":"Prenez un rendez-vous avec un conseiller"},"content":{"rendered":"\n<p><img loading=\"lazy\" decoding=\"async\" width=\"300\" height=\"300\" class=\"wp-image-405\" style=\"width: 300px;\" src=\"http:\/\/jlc-assurances.com\/wp-content\/uploads\/2023\/11\/customer-service.png\" alt=\"\" srcset=\"https:\/\/jlc-assurances.com\/wp-content\/uploads\/2023\/11\/customer-service.png 512w, https:\/\/jlc-assurances.com\/wp-content\/uploads\/2023\/11\/customer-service-300x300.png 300w, https:\/\/jlc-assurances.com\/wp-content\/uploads\/2023\/11\/customer-service-150x150.png 150w\" sizes=\"auto, (max-width: 300px) 100vw, 300px\" \/><br><style type=\"text\/css\">#nex-forms{display:none;}<\/style><div id=\"nf_form_18174\">\r\n\t\t\t\r\n\t\t\t<style type=\"text\/css\">\r\n\t\t\t\r\n\t\t\t\t#nex-forms.rendez-vous_avec_un_conseiller .nf-loader-lds-spinner div:after {background: #40C4FF; }\r\n\t\t\t\t#nex-forms.rendez-vous_avec_un_conseiller .nf-loader-lds-grid div {background: #40C4FF; }\r\n\t\t\t\t#nex-forms.rendez-vous_avec_un_conseiller .nf-loader-lds-ellipsis div { background: #40C4FF;}\r\n\t\t\t\t#nex-forms.rendez-vous_avec_un_conseiller .nf-loader-lds-default div {background: #40C4FF;}\r\n\t\t\t\t#nex-forms.rendez-vous_avec_un_conseiller .nf-loader-lds-roller div:after {background: #40C4FF;}\r\n\t\t\t\t#nex-forms.rendez-vous_avec_un_conseiller .nf-loader-lds-heart div,\r\n\t\t\t\t#nex-forms.rendez-vous_avec_un_conseiller .nf-loader-lds-heart div:after,\r\n\t\t\t\t#nex-forms.rendez-vous_avec_un_conseiller .nf-loader-lds-heart div:before {background: #40C4FF;}\r\n\t\r\n\t\t\t\t\r\n\t\t\t\t#nex-forms.rendez-vous_avec_un_conseiller .nf-loader-lds-facebook div {background: #40C4FF;}\r\n\t\t\t\t#nex-forms.rendez-vous_avec_un_conseiller .nf-loader-lds-circle > div {background: #40C4FF;}\r\n\t\t\t\t\r\n\t\t\t\t#nex-forms.rendez-vous_avec_un_conseiller .nf-loader-lds-dual-ring:after {border: 6px solid #40C4FF;border-color: #40C4FF transparent #40C4FF transparent;}\r\n\t\t\t\t#nex-forms.rendez-vous_avec_un_conseiller .nf-loader-lds-ring div {border: 8px solid #40C4FF;border-color: #40C4FF transparent transparent transparent;}\r\n\t\t\t\t#nex-forms.rendez-vous_avec_un_conseiller .nf-loader-lds-hourglass:after {border: 32px solid #40C4FF;border-color: #40C4FF transparent #40C4FF transparent;}\r\n\t\t\t\t#nex-forms.rendez-vous_avec_un_conseiller .nf-loader-lds-ripple div {border: 4px solid #40C4FF;}\r\n\t\t\t<\/style>\r\n\t\t\t\r\n\t\t\t\r\n\t\t\t<div id=\"nex-forms\" data-loader=\"ellipsis\" data-msg-hide-form=\"yes\" data-msg-position=\"top\" data-msg-placement=\"outside\"  class=\"nex-forms rendez-vous_avec_un_conseiller  \"><div class=\"pre_fill_fields\"><\/div><div class=\"set_form_theme theme-default\"><div class=\"nex_success_message msg_top msgv2 animated hidden\" style=\"display:none;\"><div class=\"nex_success_message_container\" style=\"background: #fff; box-shadow: #00000033 0px 7px 16px 0px; border-radius: 4px; padding: 30px; border-color:#ddd;\"><div class=\"msg_text\"><div class=\"form_field all_fields icon html_fields wow bounceInUp\" style=\"margin-bottom: 15px;\" id=\"_21501\" data-animation-name=\"bounceInUp\">\n\t\t\t\t\t\t\t  <div class=\"edit_mask\"><\/div>\n\t\t\t\t\t\t\t  \n\t\t\t\t\t\t\t\t<div class=\"icon_container_wrapper icon_center\">\n\t\t\t\t\t\t\t\t  <div class=\"icon_container\" id=\"field_container\" style=\"border-width: 0px; background-color: transparent;\">\n\t\t\t\t\t\t\t\t\t<div class=\"\">\n\t\t\t\t\t\t\t\t\t  <div class=\"input_container\">\n\t\t\t\t\t\t\t\t\t\t<div class=\"the_input_element icon_element\" style=\"font-size: 50px; color: #8bc34a;\"><span class=\"fas fa-check-circle\"><\/span><\/div>\n\t\t\t\t\t\t\t\t\t  <\/div>\n\t\t\t\t\t\t\t\t\t<\/div>\n\t\t\t\t\t\t\t\t  <\/div>\n\t\t\t\t\t\t\t\t  \n\t\t\t\t\t\t\t\t<\/div>\n\t\t\t\t\t\t\t  \n\t\t\t\t\t\t\t<\/div>\n\t\t\t\t\t\t\t<div class=\"form_field all_fields html html_fields wow fadeInDown\" style=\"margin-bottom: 15px;\" data-animation-name=\"fadeInDown\" data-wow-delay=\"0.5s\" id=\"_22896\">\n\t\t\t\t\t\t\t  <div class=\"edit_mask\"><\/div>\n\t\t\t\t\t\t\t  \n\t\t\t\t\t\t\t\t<div class=\"row\">\n\t\t\t\t\t\t\t\t  <div class=\"col-sm-12\" id=\"field_container\">\n\t\t\t\t\t\t\t\t\t<div class=\"row\">\n\t\t\t\t\t\t\t\t\t  <div class=\"col-sm-12 input_container\">\n\t\t\t\t\t\t\t\t\t\t<div class=\"the_input_element align_center\" data-math-equation=\"\" data-original-math-equation=\"\" data-decimal-places=\"0\">Merci d\u2019avoir rempli notre formulaire. <br>Un conseiller va vous contacter sous 24h.<\/div>\n\t\t\t\t\t\t\t\t\t\t<div style=\"clear:both;\"><\/div>\n\t\t\t\t\t\t\t\t\t  <\/div>\n\t\t\t\t\t\t\t\t\t<\/div>\n\t\t\t\t\t\t\t\t  <\/div>\n\t\t\t\t\t\t\t\t  \n\t\t\t\t\t\t\t\t<\/div>\n\t\t\t\t\t\t\t  \n\t\t\t\t\t\t\t<\/div><\/div><\/div><\/div><div data-timer-start=\"1\" data-timer-end=\"0\" class=\"inner-canvas-container ui-nex-forms-container ui-nex-forms-container-fe  bootstrap\" id=\"ui-nex-forms-container-6\"  ><div class=\"current_step\" style=\"display:none;\">1<\/div><div class=\"last_visited_step\" style=\"display:none;\">1<\/div><div class=\"nex-forms-header-footer nex-forms-header timer_inline timer_right \"><div class=\"bc-outer-container \"><div style=\"\" class=\"nf_ms_breadcrumb  bc-gutter-20 bc-top bc-solid bc-connected bc-unfolded pilled \">\n\t\t\t\t\t\t\t\t\t\t<ul class=\"the_br  align_left pilled  md-color-default\" data-align-crumb=\"align_left\" data-text-pos=\"text-bottom\" data-breadcrumb-type=\"pilled\" data-theme=\"default\" data-show-front-end=\"yes\" data-show-inside=\"no\">\n\t\t\t\t\t\t\t\t\t\t\n\t\t\t\t\t\t\t\t\t\t<\/ul>\n\t\t\t\t\t\t\t\t\t\t<div class=\"nf_progressbar the_br\" style=\"display:none;\" data-text-pos=\"text-bottom\" data-breadcrumb-type=\"pilled\" data-theme=\"default\" data-show-front-end=\"yes\" data-show-inside=\"no\">\n\t\t\t\t\t\t\t\t\t\t\t<div class=\"nf_progressbar_percentage md-color-default\" style=\"width:5%;\">\n\t\t\t\t\t\t\t\t\t\t\t\t<span>0%<\/span>\n\t\t\t\t\t\t\t\t\t\t\t<\/div>\n\t\t\t\t\t\t\t\t\t\t<\/div>\n\t\t\t\t\t\t\t\t\t\t\n\t\t\t\t\t\t\t\t\t\t<div style=\"clear:both\"><\/div>\n\t\t\t\t\t\t\t\t\t<\/div><\/div><\/div><div id=\"the_plugin_url\" style=\"display:none;\">https:\/\/jlc-assurances.com\/wp-content\/plugins\/nex-forms<\/div><div id=\"nf_save_form_progress\" style=\"display:none;\">false<\/div><div class=\"hidden\" id=\"nf_ajax_url\" style=\"display:none;\">https:\/\/jlc-assurances.com\/wp-admin\/admin-ajax.php<\/div><div class=\"hidden\" id=\"paypal_return_url\" style=\"display:none;\">https:\/\/jlc-assurances.com<\/div><div class=\"hidden\" id=\"ms_scroll_to_top\" style=\"display:none;\">yes<\/div><div class=\"v7_container form_type_normal   \" style=\"background: #fff; box-shadow: #00000033 0px 7px 16px 0px; border-radius: 4px; padding: 30px; border-color:#ddd;\"><div class=\"current_field_on_focus\" style=\"display:none\">1<\/div><form id=\"6\" class=\"submit-nex-form nex-forms-6\" data-form-id=\"6\" name=\"nex_form\" action=\"https:\/\/jlc-assurances.com\/wp-admin\/admin-ajax.php\" method=\"post\" enctype=\"multipart\/form-data\"><div class=\"step_transition_in\" style=\"display:none;\">fadeIn<\/div><div class=\"step_transition_out\" style=\"display:none;\">fadeOut<\/div><input type=\"hidden\" name=\"nex_forms_Id\" value=\"6\"><input type=\"hidden\" name=\"ip\" value=\"216.73.216.134\"><input type=\"hidden\" name=\"nf_page_id\" value=\"157\"><input type=\"hidden\" name=\"nf_page_title\" value=\"Prenez un rendez-vous avec un conseiller\"><input type=\"text\" name=\"company_url\" value=\"\" placeholder=\"enter company url\" class=\"form-control req\">\n\t\t\t\t\t\t\t<div class=\"form_field hidden\" id=\"_28977\" style=\"\">\n\t\t\t\t\t\t\t\t<input class=\"ms_current_step\" value=\"1\" name=\"ms_current_step\" type=\"hidden\" autocomplete=\"enabled\" id=\"_28977__ms_current_step\">\n\t\t\t\t\t\t\t<\/div>\n\t\t\t\t\t\t\t<div class=\"form_field all_fields divider divider html_fields\" style=\"margin-bottom: 15px;\" id=\"_49324\"><div class=\"row\"><div class=\"col-sm-12\" id=\"field_container\"><div class=\"row\"><div class=\"col-sm-12 input_container\"><hr class=\"the_input_element\"><\/div><\/div><\/div><\/div><\/div><div class=\"form_field all_fields radio-group common_fields selection_fields wow bounce required auto-step\" style=\"margin-bottom: 15px; position: relative; top: 0px;\" id=\"_65911\" data-animation-name=\"bounce\"><div class=\"row\"><div class=\"col-sm-12\" id=\"field_container\"><div class=\"row\"><div class=\"col-sm-12 label_container align_left\"><label class=\"nf_title \"><span class=\"the_label\" style=\"font-size: 13px; color: #5b5b5b;\">*Vous \u00eates<\/span><\/label><\/div><div class=\"input_holder radio-group no-pre-suffix\"><div class=\"col-sm-12 the-radios input_container error_message\" id=\"the-radios\" data-checked-color=\"\" data-checked-class=\"fa-circle\" data-unchecked-class=\"\" data-placement=\"bottom\" data-content=\"Merci d'indiquer votre statut\" title=\"\"><label class=\"radio-inline \" for=\"__6__65911_vous_\u00eates_Madame_madame\"><span class=\"has-pretty-child\"><div class=\"clearfix prettyradio labelright blue has-pretty-child\"><input class=\"radio the_input_element required\" type=\"radio\" name=\"vous_\u00eates\" id=\"__6__65911_vous_\u00eates_Madame_madame\" value=\"Madame\" style=\"display: none;\" autocomplete=\"enabled\"><a class=\"fa ui-state-default\" rel=\"nofollow\" href=\"#\">.<\/a><\/div><span class=\"input-label radio-label\">Madame<\/span><\/span><\/label><label class=\"radio-inline \" for=\"__6__65911_vous_\u00eates_Monsieur_monsieur\"><span class=\"has-pretty-child\"><div class=\"clearfix prettyradio labelright blue has-pretty-child\"><input class=\"radio the_input_element required\" type=\"radio\" name=\"vous_\u00eates\" id=\"__6__65911_vous_\u00eates_Monsieur_monsieur\" value=\"Monsieur\" style=\"display: none;\" autocomplete=\"enabled\"><a class=\"fa ui-state-default\" rel=\"nofollow\" href=\"#\">.<\/a><\/div><span class=\"input-label radio-label\">Monsieur<\/span><\/span><\/label><\/div><\/div><\/div><\/div><\/div><\/div><div class=\"form_field all_fields name preset_fields required has_prefix_icon wow bounce\" style=\"margin-bottom: 15px;\" id=\"_89574\" data-animation-name=\"bounce\"><div class=\"row\"><div class=\"col-sm-12\" id=\"field_container\"><div class=\"row\"><div class=\"col-sm-12 label_container align_left\"><label class=\"nf_title \" for=\"input__89574\"><span class=\"the_label\" style=\"font-size: 13px; color: #5b5b5b;\">Votre nom<\/span><\/label><\/div><div class=\"col-sm-12  input_container\"><div class=\"input-group\"><span class=\"input-group-addon prefix \" style=\"color: #888888; background: white; border-color: #dddddd;\"><span class=\"fa fas fa-user\" style=\"font-size: 17px;\"><\/span><\/span><input type=\"text\" name=\"votre_nom\" class=\"error_message required form-control the_input_element aling_left align_left\" data-onfocus-color=\"#66AFE9\" data-drop-focus-swadow=\"1\" data-placement=\"bottom\" data-content=\"Merci de saisir votre nom de famille\" title=\"\" data-secondary-message=\"\" style=\"font-size: 13px; color: #5b5b5b; background: white; border-color: #dddddd;\" id=\"input__89574\" autocomplete=\"enabled\"><\/div><\/div><\/div><\/div><\/div><\/div><div class=\"form_field all_fields name preset_fields required has_prefix_icon wow bounce\" style=\"margin-bottom: 15px;\" id=\"_3449\" data-animation-name=\"bounce\"><div class=\"row\"><div class=\"col-sm-12\" id=\"field_container\"><div class=\"row\"><div class=\"col-sm-12 label_container align_left\"><label class=\"nf_title \" for=\"input__3449\"><span class=\"the_label\" style=\"font-size: 13px; color: #5b5b5b;\">Votre pr\u00e9nom<\/span><\/label><\/div><div class=\"col-sm-12  input_container\"><div class=\"input-group\"><span class=\"input-group-addon prefix \" style=\"color: #888888; background: white; border-color: #dddddd;\"><span class=\"fa fas fa-user\" style=\"font-size: 17px;\"><\/span><\/span><input type=\"text\" name=\"votre_pr\u00e9nom\" class=\"error_message required form-control the_input_element aling_left align_left\" data-onfocus-color=\"#66AFE9\" data-drop-focus-swadow=\"1\" data-placement=\"bottom\" data-content=\"Merci de saisir votre pr\u00e9nom\" title=\"\" data-secondary-message=\"\" style=\"font-size: 13px; color: #5b5b5b; background: white; border-color: #dddddd;\" id=\"input__3449\" autocomplete=\"enabled\"><\/div><\/div><\/div><\/div><\/div><\/div><div class=\"form_field all_fields date special_fields has_prefix_icon wow bounce is_focused required\" style=\"margin-bottom: 15px;\" id=\"_20663\" data-animation-name=\"bounce\"><div class=\"row\"><div class=\"col-sm-12\" id=\"field_container\"><div class=\"row\"><div class=\"col-sm-12 label_container align_left\"><label class=\"nf_title \" for=\"input__20663\"><span class=\"the_label\" style=\"font-size: 13px; color: #5b5b5b;\">*Votre date de naissance<\/span><\/label><\/div><div class=\"col-sm-12  input_container\"><div class=\"input-group\" id=\"datetimepicker\" data-format=\"DD\/MM\/YYYY\" data-language=\"en\"><span class=\"input-group-addon prefix\" style=\"color: #888888; background: white; border-color: #dddddd;\"><span class=\"fa fa-calendar-o\" style=\"font-size: 17px;\"><\/span><\/span><input type=\"text\" name=\"votre_date_de_naissance\" class=\"error_message form-control the_input_element aling_left align_left required\" data-onfocus-color=\"#66AFE9\" data-drop-focus-swadow=\"1\" data-placement=\"bottom\" data-content=\"Merci de saisir votre date de naissance\" title=\"\" style=\"font-size: 13px; color: #5b5b5b; background: white; border-color: #dddddd;\" placeholder=\"JJ\/MM\/AAAA\" id=\"input__20663\" autocomplete=\"enabled\"><\/div><\/div><\/div><\/div><\/div><\/div><div class=\"form_field all_fields phone_number phone_number preset_fields required has_prefix_icon wow bounce\" style=\"margin-bottom: 15px;\" id=\"_47353\" data-animation-name=\"bounce\"><div class=\"row\"><div class=\"col-sm-12\" id=\"field_container\"><div class=\"row\"><div class=\"col-sm-12 label_container align_left\"><label class=\"nf_title \" for=\"input__47353\"><span class=\"the_label\" style=\"font-size: 13px; color: #5b5b5b;\">*Votre num\u00e9ro de t\u00e9l\u00e9phone<\/span><\/label><\/div><div class=\"col-sm-12  input_container\"><div class=\"input-group\"><span class=\"input-group-addon prefix \" style=\"color: #888888; background: white; border-color: #dddddd;\"><span class=\"fa fa fa-phone\" style=\"font-size: 17px;\"><\/span><\/span><input type=\"text\" name=\"votre_num\u00e9ro_de_t\u00e9l\u00e9phone\" class=\"error_message required phone_number form-control the_input_element aling_left align_left\" data-onfocus-color=\"#66AFE9\" data-drop-focus-swadow=\"1\" data-placement=\"bottom\" data-content=\"Merci d'indiquer votre num\u00e9ro de t\u00e9l\u00e9phone\" title=\"\" data-secondary-message=\"Invalid phone number\" style=\"font-size: 13px; color: #5b5b5b; background: white; border-color: #dddddd;\" id=\"input__47353\" autocomplete=\"enabled\"><\/div><\/div><\/div><\/div><\/div><\/div><div class=\"form_field all_fields email email preset_fields required has_prefix_icon\" style=\"margin-bottom: 15px;\" id=\"_52334\"><div class=\"row\"><div class=\"col-sm-12\" id=\"field_container\"><div class=\"row\"><div class=\"col-sm-12 label_container align_left\"><label class=\"nf_title \" for=\"input__52334\"><span class=\"the_label\" style=\"font-size: 13px; color: #5b5b5b;\">Votre email<\/span><\/label><\/div><div class=\"col-sm-12  input_container\"><div class=\"input-group\"><span class=\"input-group-addon prefix \" style=\"color: #888888; background: white; border-color: #dddddd;\"><span class=\"fa fas fa-envelope\" style=\"font-size: 17px;\"><\/span><\/span><input type=\"text\" name=\"votre_email\" class=\"error_message required email form-control the_input_element aling_left align_left\" data-onfocus-color=\"#66AFE9\" data-drop-focus-swadow=\"1\" data-placement=\"bottom\" data-content=\"Merci de saisir votre email\" title=\"\" data-secondary-message=\"Invalid email address\" style=\"font-size: 13px; color: #5b5b5b; background: white; border-color: #dddddd;\" id=\"input__52334\" autocomplete=\"enabled\"><\/div><\/div><\/div><\/div><\/div><\/div><div class=\"form_field all_fields Query preset_fields required has_prefix_icon wow bounce\" style=\"margin-bottom: 15px;\" id=\"_52426\" data-animation-name=\"bounce\"><div class=\"row\"><div class=\"col-sm-12\" id=\"field_container\"><div class=\"row\"><div class=\"col-sm-12 label_container align_left\"><label class=\"nf_title \" for=\"input__52426\"><span class=\"the_label\" style=\"font-size: 13px; color: #5b5b5b;\">*Quel est votre besoin ?<\/span><\/label><\/div><div class=\"col-sm-12  input_container\"><div class=\"input-group\"><span class=\"input-group-addon prefix\" style=\"color: #888888; background: white; border-color: #dddddd;\"><span class=\"fa fa fa-comment\" style=\"font-size: 17px;\"><\/span><\/span><textarea name=\"quel_est_votre_besoin_\" placeholder=\"\" data-maxlength-color=\"label label-success\" data-maxlength-position=\"bottom\" data-maxlength-show=\"false\" data-default-value=\"\" class=\"error_message required the_input_element textarea pre-format form-control aling_left align_left\" data-onfocus-color=\"#66AFE9\" data-drop-focus-swadow=\"1\" data-placement=\"bottom\" data-content=\"Veuillez indiquer votre besoin\" title=\"\" style=\"font-size: 13px; color: #5b5b5b; background: white; border-color: #dddddd;\" id=\"input__52426\"><\/textarea><\/div><\/div><\/div><\/div><\/div><\/div><div class=\"form_field all_fields check-group common_fields selection_fields radio-group\" style=\"margin-bottom: 15px; position: relative; top: 0px;\" id=\"_25829\"><div class=\"row\"><div class=\"col-sm-12\" id=\"field_container\"><div class=\"row\"><div class=\"col-sm-12 label_container align_left\"><label class=\"nf_title \"><span class=\"the_label\" style=\"font-size: 13px; color: #5b5b5b;\">J'accepte d'\u00eatre rappel\u00e9 par JLC ASSURANCES ainsi que les CGU du site.<\/span><\/label><\/div><div class=\"input_holder radio-group\"><div class=\"col-sm-12 the-radios input_container error_message\" id=\"the-radios\" data-checked-color=\"alert-success\" data-checked-class=\"fa-check\" data-unchecked-class=\"\" data-placement=\"bottom\" data-content=\"Merci de valider votre consentement de rappel par JLC Assurances\" data-secondary-message=\"Minimum of {x} selections required\" title=\"\"><div class=\"input-inner\"><label class=\"checkbox-inline radio-inline\" for=\"__6__25829_jaccepte_d\u00eatre_rappel\u00e9_par_des_partenaires_et_de_mongustave_ainsi_que_les_cgu_du_site[]_Oui_oui\"><span class=\"has-pretty-child\"><div class=\"clearfix prettycheckbox labelright blue has-pretty-child\"><input class=\"check the_input_element\" type=\"checkbox\" name=\"jaccepte_d\u00eatre_rappel\u00e9_par_des_partenaires_et_de_mongustave_ainsi_que_les_cgu_du_site[]\" id=\"__6__25829_jaccepte_d\u00eatre_rappel\u00e9_par_des_partenaires_et_de_mongustave_ainsi_que_les_cgu_du_site[]_Oui_oui\" value=\"Oui\" style=\"display: none;\" autocomplete=\"enabled\"><a class=\"fa ui-state-default\" rel=\"nofollow\" href=\"#\">.<\/a><\/div><span class=\"input-label check-label\">Oui<\/span><\/span><\/label><\/div><\/div><\/div><\/div><\/div><\/div><\/div><div class=\"form_field all_fields submit-button submit-button the_submit button_fields common_fields preset_fields special_fields selection_fields wow bounce\" style=\"margin-bottom: 15px; position: relative; top: 0px;\" id=\"_38537\" data-animation-name=\"bounce\"><div class=\"row\"><div class=\"col-sm-12\" id=\"field_container\"><div class=\"row\"><div class=\"col-sm-12 input_container align_center\"><button class=\"svg_ready the_input_element btn btn-default align_center btn-lg nex-submit add_shine\" data-ga=\"\" style=\"color: #ffffff; background-color: #5cb85c; font-size: 30px;\">Valider<\/button><\/div><\/div><\/div><\/div><\/div><div class=\"form_field all_fields html html html_fields\" style=\"margin-bottom: 15px; position: relative; top: 0px; left: 0px;\" id=\"_96505\"><div class=\"row\"><div class=\"col-sm-12\" id=\"field_container\"><div class=\"row\"><div class=\"col-sm-12 input_container\"><input type=\"hidden\" class=\"set_math_result\" value=\"0\" name=\"math_result\" autocomplete=\"enabled\" id=\"_96505__math_result\"><div class=\"the_input_element\" data-math-equation=\"\" data-original-math-equation=\"\" data-decimal-places=\"0\"><button id=\"tttt\" class=\"svg_ready the_input_element btn btn-default align_center btn-lg nex-submit add_shine\" data-ga=\"\" style=\"color: #ffffff; background-color: #5cb85c; font-size: 30px;\">Valider 2<\/button><\/div><div style=\"clear:both;\"><\/div><\/div><\/div><\/div><\/div><\/div>Powered by <a href=\"https:\/\/1.envato.market\/zQ6de\">NEX-Forms<\/a><\/form><\/div><\/div><\/div><\/div><\/div><style type=\"text\/css\" class=\"nex-forms-custom-css\"><\/style><\/p>\n","protected":false},"excerpt":{"rendered":"","protected":false},"author":2,"featured_media":0,"parent":0,"menu_order":0,"comment_status":"closed","ping_status":"closed","template":"","meta":{"om_disable_all_campaigns":false,"_themeisle_gutenberg_block_has_review":false,"footnotes":""},"class_list":["post-157","page","type-page","status-publish","hentry"],"aioseo_notices":[],"_links":{"self":[{"href":"https:\/\/jlc-assurances.com\/index.php?rest_route=\/wp\/v2\/pages\/157","targetHints":{"allow":["GET"]}}],"collection":[{"href":"https:\/\/jlc-assurances.com\/index.php?rest_route=\/wp\/v2\/pages"}],"about":[{"href":"https:\/\/jlc-assurances.com\/index.php?rest_route=\/wp\/v2\/types\/page"}],"author":[{"embeddable":true,"href":"https:\/\/jlc-assurances.com\/index.php?rest_route=\/wp\/v2\/users\/2"}],"replies":[{"embeddable":true,"href":"https:\/\/jlc-assurances.com\/index.php?rest_route=%2Fwp%2Fv2%2Fcomments&post=157"}],"version-history":[{"count":11,"href":"https:\/\/jlc-assurances.com\/index.php?rest_route=\/wp\/v2\/pages\/157\/revisions"}],"predecessor-version":[{"id":452,"href":"https:\/\/jlc-assurances.com\/index.php?rest_route=\/wp\/v2\/pages\/157\/revisions\/452"}],"wp:attachment":[{"href":"https:\/\/jlc-assurances.com\/index.php?rest_route=%2Fwp%2Fv2%2Fmedia&parent=157"}],"curies":[{"name":"wp","href":"https:\/\/api.w.org\/{rel}","templated":true}]}}