{"id":28,"date":"2023-03-20T19:41:42","date_gmt":"2023-03-20T18:41:42","guid":{"rendered":"http:\/\/jlc-assurances.com\/?page_id=28"},"modified":"2023-11-13T22:37:44","modified_gmt":"2023-11-13T21:37:44","slug":"home","status":"publish","type":"page","link":"https:\/\/jlc-assurances.com\/","title":{"rendered":"Accueil"},"content":{"rendered":"\n<div class=\"wp-block-cover alignfull is-light hestia-clear-top-padding\"><span aria-hidden=\"true\" class=\"wp-block-cover__background has-white-background-color has-background-dim-100 has-background-dim\"><\/span><div class=\"wp-block-cover__inner-container is-layout-flow wp-block-cover-is-layout-flow\">\n<h2 class=\"has-text-align-center has-text-color wp-block-heading\" style=\"color:#3c4858\">POURQUOI CHOISIR JLC ASSURANCES ?<\/h2>\n\n\n\n<div style=\"height:40px\" aria-hidden=\"true\" class=\"wp-block-spacer\"><\/div>\n\n\n\n<div class=\"wp-block-columns container is-layout-flex wp-container-core-columns-is-layout-9d6595d7 wp-block-columns-is-layout-flex\">\n<div class=\"wp-block-column is-layout-flow wp-block-column-is-layout-flow\"><div class=\"wp-block-image\">\n<figure class=\"aligncenter size-full is-resized\"><img loading=\"lazy\" decoding=\"async\" src=\"https:\/\/jlc-assurances.com\/wp-content\/uploads\/2023\/11\/rating.png\" alt=\"\" class=\"wp-image-353\" width=\"114\" height=\"114\" srcset=\"https:\/\/jlc-assurances.com\/wp-content\/uploads\/2023\/11\/rating.png 512w, https:\/\/jlc-assurances.com\/wp-content\/uploads\/2023\/11\/rating-300x300.png 300w, https:\/\/jlc-assurances.com\/wp-content\/uploads\/2023\/11\/rating-150x150.png 150w\" sizes=\"auto, (max-width: 114px) 100vw, 114px\" \/><\/figure>\n<\/div>\n\n\n<h5 class=\"has-text-align-center has-text-color wp-block-heading\" style=\"color:#3c4858;font-size:18px\"><strong>Expertise et Conseils Personnalis\u00e9s<\/strong><\/h5>\n\n\n\n<p class=\"has-text-align-center\">En tant que courtier exp\u00e9riment\u00e9, nous offrons des conseils sur-mesure pour chaque client. Nous comprenons les nuances de chaque produit d&rsquo;assurance, de la sant\u00e9 aux biens, et nous vous aidons \u00e0 trouver les meilleures options adapt\u00e9es \u00e0 vos besoins sp\u00e9cifiques. Que ce soit pour prot\u00e9ger votre famille, vos biens ou vos animaux de compagnie, nous sommes l\u00e0 pour vous guider \u00e0 chaque \u00e9tape.<\/p>\n\n\n\n<p><\/p>\n\n\n\n<div style=\"height:25px\" aria-hidden=\"true\" class=\"wp-block-spacer\"><\/div>\n<\/div>\n\n\n\n<div class=\"wp-block-column is-layout-flow wp-block-column-is-layout-flow\"><div class=\"wp-block-image\">\n<figure class=\"aligncenter size-full is-resized\"><img loading=\"lazy\" decoding=\"async\" src=\"https:\/\/jlc-assurances.com\/wp-content\/uploads\/2023\/11\/crown.png\" alt=\"\" class=\"wp-image-354\" width=\"114\" height=\"114\" srcset=\"https:\/\/jlc-assurances.com\/wp-content\/uploads\/2023\/11\/crown.png 512w, https:\/\/jlc-assurances.com\/wp-content\/uploads\/2023\/11\/crown-300x300.png 300w, https:\/\/jlc-assurances.com\/wp-content\/uploads\/2023\/11\/crown-150x150.png 150w\" sizes=\"auto, (max-width: 114px) 100vw, 114px\" \/><\/figure>\n<\/div>\n\n\n<h5 class=\"has-text-align-center has-text-color wp-block-heading\" style=\"color:#3c4858;font-size:18px\"><strong>Acc\u00e8s \u00e0 une Gamme \u00c9tendue de Produits<\/strong><\/h5>\n\n\n\n<p class=\"has-text-align-center\">En collaborant avec plusieurs compagnies d&rsquo;assurance renomm\u00e9es, nous offrons un large \u00e9ventail de polices d&rsquo;assurance. De l&rsquo;assurance sant\u00e9 \u00e0 l&rsquo;assurance automobile, en passant par la protection pour vos animaux de compagnie et votre habitation, nous avons acc\u00e8s \u00e0 une vari\u00e9t\u00e9 de solutions pour r\u00e9pondre \u00e0 vos besoins sp\u00e9cifiques. Cela vous permet d&rsquo;avoir un choix plus large et des options adapt\u00e9es \u00e0 votre budget et \u00e0 vos exigences.<\/p>\n\n\n\n<p><\/p>\n\n\n\n<div style=\"height:25px\" aria-hidden=\"true\" class=\"wp-block-spacer\"><\/div>\n<\/div>\n\n\n\n<div class=\"wp-block-column is-layout-flow wp-block-column-is-layout-flow\"><div class=\"wp-block-image\">\n<figure class=\"aligncenter size-full is-resized\"><img loading=\"lazy\" decoding=\"async\" src=\"https:\/\/jlc-assurances.com\/wp-content\/uploads\/2023\/11\/chronometer.png\" alt=\"\" class=\"wp-image-355\" width=\"114\" height=\"114\" srcset=\"https:\/\/jlc-assurances.com\/wp-content\/uploads\/2023\/11\/chronometer.png 512w, https:\/\/jlc-assurances.com\/wp-content\/uploads\/2023\/11\/chronometer-300x300.png 300w, https:\/\/jlc-assurances.com\/wp-content\/uploads\/2023\/11\/chronometer-150x150.png 150w\" sizes=\"auto, (max-width: 114px) 100vw, 114px\" \/><\/figure>\n<\/div>\n\n\n<h5 class=\"has-text-align-center has-text-color wp-block-heading\" style=\"color:#3c4858;font-size:18px\"><strong>\u00c9conomies de Temps et Simplification des D\u00e9marches<\/strong><\/h5>\n\n\n\n<p class=\"has-text-align-center has-black-color has-text-color\" style=\"font-size:17px\">En travaillant avec JLC Assurances, vous simplifiez le processus d&rsquo;achat d&rsquo;assurance. Plut\u00f4t que de contacter diff\u00e9rentes compagnies et de comparer une multitude d&rsquo;offres, nous faisons ce travail pour vous. Notre expertise vous fait gagner du temps en vous pr\u00e9sentant les options les plus pertinentes, en comparant les diff\u00e9rentes polices et en g\u00e9rant les formalit\u00e9s administratives pour vous.<\/p>\n\n\n\n<div style=\"height:25px\" aria-hidden=\"true\" class=\"wp-block-spacer\"><\/div>\n<\/div>\n<\/div>\n\n\n\n<div style=\"height:40px\" aria-hidden=\"true\" class=\"wp-block-spacer\"><\/div>\n<\/div><\/div>\n\n\n\n<div class=\"wp-block-columns container is-layout-flex wp-container-core-columns-is-layout-9d6595d7 wp-block-columns-is-layout-flex\">\n<div class=\"wp-block-column col-md-5 is-layout-flow wp-block-column-is-layout-flow\">\n<div style=\"height:55px\" aria-hidden=\"true\" class=\"wp-block-spacer\"><\/div>\n\n\n\n<h2 class=\"wp-block-heading\">\u00c0 PROPOS DE NOUS<\/h2>\n\n\n\n<p><strong>Chez JLC Assurances<\/strong>, notre expertise en courtage vous assure des solutions personnalis\u00e9es pour prot\u00e9ger ce qui compte. Nous simplifions l&rsquo;assurance, offrant choix et conseils adapt\u00e9s.<\/p>\n<\/div>\n\n\n\n<div class=\"wp-block-column col-md-6 col-md-offset1 is-layout-flow wp-block-column-is-layout-flow\">\n<div style=\"height:55px\" aria-hidden=\"true\" class=\"wp-block-spacer\"><\/div>\n\n\n\n<figure class=\"wp-block-image size-full is-resized\"><img loading=\"lazy\" decoding=\"async\" src=\"https:\/\/jlc-assurances.com\/wp-content\/uploads\/2023\/03\/Sans-titre-6-1.png\" alt=\"\" class=\"wp-image-231\" width=\"306\" height=\"256\" srcset=\"https:\/\/jlc-assurances.com\/wp-content\/uploads\/2023\/03\/Sans-titre-6-1.png 940w, https:\/\/jlc-assurances.com\/wp-content\/uploads\/2023\/03\/Sans-titre-6-1-300x251.png 300w, https:\/\/jlc-assurances.com\/wp-content\/uploads\/2023\/03\/Sans-titre-6-1-768x644.png 768w\" sizes=\"auto, (max-width: 306px) 100vw, 306px\" \/><\/figure>\n\n\n\n<p><\/p>\n<\/div>\n<\/div>\n","protected":false},"excerpt":{"rendered":"<p>\u00c0 PROPOS DE NOUS Chez JLC Assurances, notre expertise en courtage vous assure des solutions personnalis\u00e9es pour prot\u00e9ger ce qui compte. Nous simplifions l&rsquo;assurance, offrant choix et conseils adapt\u00e9s.<\/p>\n","protected":false},"author":2,"featured_media":0,"parent":0,"menu_order":0,"comment_status":"closed","ping_status":"closed","template":"","meta":{"om_disable_all_campaigns":false,"_themeisle_gutenberg_block_has_review":false,"footnotes":""},"class_list":["post-28","page","type-page","status-publish","hentry"],"aioseo_notices":[],"_links":{"self":[{"href":"https:\/\/jlc-assurances.com\/index.php?rest_route=\/wp\/v2\/pages\/28","targetHints":{"allow":["GET"]}}],"collection":[{"href":"https:\/\/jlc-assurances.com\/index.php?rest_route=\/wp\/v2\/pages"}],"about":[{"href":"https:\/\/jlc-assurances.com\/index.php?rest_route=\/wp\/v2\/types\/page"}],"author":[{"embeddable":true,"href":"https:\/\/jlc-assurances.com\/index.php?rest_route=\/wp\/v2\/users\/2"}],"replies":[{"embeddable":true,"href":"https:\/\/jlc-assurances.com\/index.php?rest_route=%2Fwp%2Fv2%2Fcomments&post=28"}],"version-history":[{"count":26,"href":"https:\/\/jlc-assurances.com\/index.php?rest_route=\/wp\/v2\/pages\/28\/revisions"}],"predecessor-version":[{"id":357,"href":"https:\/\/jlc-assurances.com\/index.php?rest_route=\/wp\/v2\/pages\/28\/revisions\/357"}],"wp:attachment":[{"href":"https:\/\/jlc-assurances.com\/index.php?rest_route=%2Fwp%2Fv2%2Fmedia&parent=28"}],"curies":[{"name":"wp","href":"https:\/\/api.w.org\/{rel}","templated":true}]}}